{"id":78,"date":"2023-04-11T13:36:01","date_gmt":"2023-04-11T11:36:01","guid":{"rendered":"https:\/\/docu.kkstiftung.com\/?page_id=78"},"modified":"2023-04-11T13:36:01","modified_gmt":"2023-04-11T11:36:01","slug":"datenschutz","status":"publish","type":"page","link":"https:\/\/kkstiftung.com\/?page_id=78","title":{"rendered":"Datenschutz"},"content":{"rendered":"\n<p><strong>Allgemeines<\/strong><\/p>\n\n\n\n<p>Durch den Besuch der Webseite des Anbieters k\u00f6nnen Informationen \u00fcber den Zugriff (Datum, Uhrzeit, betrachtete Seite) gespeichert werden. Diese Daten geh\u00f6ren nicht zu den personenbezogenen Daten, sondern sind anonymisiert. Sie werden ausschlie\u00dflich zu statistischen Zwecken ausgewertet. Eine Weitergabe an Dritte, zu kommerziellen oder nichtkommerziellen Zwecken, findet nicht statt.<\/p>\n\n\n\n<p>Der Anbieter weist ausdr\u00fccklich darauf hin, dass die Daten\u00fcbertragung im Internet (z.B. bei der Kommunikation per E-Mail) Sicherheitsl\u00fccken aufweisen und nicht l\u00fcckenlos vor dem Zugriff durch Dritte gesch\u00fctzt werden kann.<\/p>\n\n\n\n<p>Die Verwendung der Kontaktdaten des Impressums zur gewerblichen Werbung ist ausdr\u00fccklich nicht erw\u00fcnscht, es sei denn der Anbieter hatte zuvor seine schriftliche Einwilligung erteilt oder es besteht bereits eine Gesch\u00e4ftsbeziehung. Der Anbieter und alle auf dieser Website genannten Personen widersprechen hiermit jeder kommerziellen Verwendung und Weitergabe ihrer Daten.<\/p>\n\n\n\n<p><strong>Personenbezogene Daten<\/strong><\/p>\n\n\n\n<p>Sie k\u00f6nnen unsere Webseite ohne Angabe personenbezogener Daten besuchen. Soweit auf unseren Seiten oder im Ablauf einer Buchungsanfrage&nbsp;personenbezogene Daten (wie Name, Anschrift oder E-Mail-Adresse) erhoben werden, erfolgt dies, soweit m\u00f6glich, auf freiwilliger Basis. Diese Daten werden ohne Ihre ausdr\u00fcckliche Zustimmung nicht an Dritte weitergegeben. Sofern zwischen Ihnen und uns ein Vertragsverh\u00e4ltnis begr\u00fcndet, inhaltlich ausgestaltet oder ge\u00e4ndert werden soll oder Sie an uns eine Anfrage stellen, erheben und verwenden wir personenbezogene Daten von Ihnen, soweit dies zu diesen Zwecken erforderlich ist (Bestandsdaten). Wir erheben, verarbeiten und nutzen personenbezogene Daten soweit dies erforderlich ist, um Ihnen die Inanspruchnahme unserer Angebote zu erm\u00f6glichen (Nutzungsdaten). S\u00e4mtliche personenbezogenen Daten werden nur solange gespeichert, wie dies f\u00fcr den genannten Zweck, z.B. zur Bearbeitung Ihrer Anfrage oder Abwicklung eines Vertrags,&nbsp; erforderlich ist. Hierbei werden steuer- und handelsrechtliche Aufbewahrungsfristen ber\u00fccksichtigt. Auf Anordnung der zust\u00e4ndigen Stellen d\u00fcrfen wir im Einzelfall Auskunft \u00fcber diese Daten (Bestandsdaten) erteilen, soweit dies f\u00fcr Zwecke der Strafverfolgung, zur Gefahrenabwehr, zur Erf\u00fcllung der gesetzlichen Aufgaben der Verfassungsschutzbeh\u00f6rden oder des Milit\u00e4rischen Abschirmdienstes oder zur Durchsetzung der Rechte am geistigen Eigentum erforderlich ist.<\/p>\n\n\n\n<p><strong>Personenbezogene Daten im Email-Verkehr<\/strong><\/p>\n\n\n\n<p>Per Email oder brieflich \u00fcbersandte Daten, wie z.B. Name, Anschrift, Telefonnummer und Email-Adressen, Bankverbindung und die Daten eines abgeschlossenen Vertrags etc. werden bei uns nur zur Erf\u00fcllung unseres Dienstleistungsangebote&nbsp;gespeichert und f\u00fcr eine erforderliche Zeit aufbewahr, die sich mindestens an der gesetzlich geforderten Archivierungsverpflichtung ausrichtet.<\/p>\n\n\n\n<p>Im Emailverkehr speichern wir in unseren Ger\u00e4ten sowohl Kontaktdaten, Adressdaten und Termindaten und auch gesamte Emails im Eingang und Ausgang und bewahren diese f\u00fcr den Zeitraum der Archivierungspflicht auf.<br><br>Ausk\u00fcnfte \u00fcber den pers\u00f6nlichen Datenbestand ihrer Anfragen bzgl. Speicherdauer etc. k\u00f6nnen jederzeit frei und unentgeltlich bei uns angefordert werden.<br><br>Sie haben die M\u00f6glichkeit uns eine Mitteilung zu geben, wenn Sie die eine Speicherung NICHT w\u00fcnschen oder gespeicherte Daten bei uns l\u00f6schen m\u00f6chten.<\/p>\n\n\n\n<p><strong>Wichtiger Hinweis<\/strong><\/p>\n\n\n\n<p>Anfragen per Email\/Telefon\/SMS etc. und \u00fcber andere Kommunikationsmittel sind unter Umst\u00e4nden (fast immer) unzureichend abgesichert . Wir haben keinen Einfluss auf deren Sicherheit, Speicherung, Verteilung, Vertraulichkeit, unrechtm\u00e4\u00dfige Weiterleitung oder Mi\u00dfbrauchs auf Seiten der Provider.<br>Wir haben keinen Einfluss auf zwischengeschaltete Vermittlungsstellen und deren weltweitem Datenschutzverhalten.<\/p>\n\n\n\n<p><strong>Bitte verwenden SIe m\u00f6glichst eine sichere Verschl\u00fcsselungsmethode.<\/strong><\/p>\n\n\n\n<p>F\u00fcr vertrauliche und abgesicherte Kommunikation nutzen wir gerne<strong> PGP , GNUPG<\/strong> oder damit verwandte Produket, die nach heutigem Kenntnisstand definitiv sicher verschl\u00fcsselt sind. Bitte senden Sie uns ihre <strong>\u00f6ffentlichen Schl\u00fcssel<\/strong> vor Beginn einer Kommunikation zu. Wir best\u00e4tigen gerne den Eingang in verschl\u00fcsselter Form und verwenden diese dann als Standard.<br>F\u00fcr Kommunikation und pers\u00f6nliche Inhalte in unverschl\u00fcsselten Emails ohne Mitteilung eines \u00f6ffentlichen Schl\u00fcssels f\u00fcr PGP oder \u00e4hnliches ist alleine das Absender verantwortlich.<br>Unsere Antworten auf Anfragen werden immer in der gleicher Art ihnen zugsandt und unterliege den gleichen Bedingungen wie die urspr\u00fcngliche Anfrage, sofern keine Verschl\u00fcsselungsm\u00f6glichkeit von der anfragenden Seite angeboten und verlangt wird.<br><br><\/p>\n\n\n\n<p><strong>Datenschutzerkl\u00e4rung zur Verwendung von Webdiensten wie z.B. Google Calendar, Analytics, Maps und Meteoblue.com sowie andere verlinkte Dienste aller Art :<\/strong><\/p>\n\n\n\n<p>Diese Website und unsere Gesch\u00e4ftsverwaltung benutzt diverse direkte oder verlinkte Dienstleistungen anderer Anbieter im Internet (z.B. Google-Calendar). Diese verwenden unter anderem sog. \u201eCookies\u201c, Textdateien, oder auch Scripte, die auf Ihrem Computer ausgef\u00fchrt werden oder speichern Daten oder senden von dort Daten um die eine Analyse der Benutzung der Website&nbsp; erm\u00f6glichen. Die durch ein Cookie oder Script erzeugten Informationen \u00fcber Ihre Benutzung der betreffenden Websiten werden in der Regel an einen Server der Anbieter dieser Dienste auch im Ausland \u00fcbertragen und dort gespeichert ohne dass wir Einfluss haben auf Inhalt und Art der \u00fcbermittelten Daten.<br><br>Alle Webdiensten (z.B. Google-Calendar), die in unserem Auftrag personenbezogene Daten zur Planung und Erf\u00fcllung unserer Angebote speichern werden unsererseits nur im privaten Modus betrieben, sofern personenbezogene Daten gepeichert werden. F\u00fcr interne Zwecke der Terminverwaltung speichern wir in dieser Weise Namen, Anschriften und Telefon sowie Email Adressen, damit wir unsere Termine und Kontakte verwalten k\u00f6nnen. Dies wird immer im privaten Modus betrieben also ohne jede Weitergabe an Dritte. Hierbei gelten die Datenschutzbestimmungen von Google.<br>Siehe dort: &nbsp; <a href=\"https:\/\/policies.google.com\/privacy?gl=DE&amp;hl=de\" target=\"_blank\" rel=\"noreferrer noopener\">https:\/\/policies.google.com\/privacy?gl=DE&amp;hl=de<br><\/a><strong>Sie k\u00f6nnen durch einfache Mittelung\/Fax\/Email\/Telefon an uns der Nutzung und Speicherung von&nbsp; pers\u00f6nlichen Daten<\/strong><strong> &nbsp;auf&nbsp; Google-Calendar und bei anderen Anbietern jerderzeit widersprechen.<\/strong><\/p>\n\n\n\n<p>Zur \u00f6ffentlichen Einsichtnahme ist lediglich ein Google-Kalender zur Anzeige der Belegunszeitr\u00e4ume in anonymisierter Form eingerichtet, der als Belgungsplan in die Webseite eingebunden ist und keinerlei weitere Angaben zu Art, Person und Umfang einers Buchungsvorgangs enth\u00e4lt.<\/p>\n\n\n\n<p><strong>Server-Log-Dateien<br><\/strong>Der Provider der Seiten erhebt und speichert automatisch Informationen in so genannten Server-Log-Dateien, die Ihr Browser automatisch an uns \u00fcbermittelt. Dies sind:<\/p>\n\n\n\n<p>&#8211; Browsertyp und Browserversion<br>&#8211; verwendetes Betriebssystem<br>&#8211; Referrer URL<br>&#8211; Hostname des zugreifenden Rechners<br>&#8211; Uhrzeit der Serveranfrage<br>&#8211; IP-Adresse<br>&#8211; Herkunftsland<br>&#8211; und ggf. weitere Parameter der Internetverbindungen<\/p>\n\n\n\n<p>Eine Zusammenf\u00fchrung dieser Daten mit anderen Datenquellen wird durch uns nicht vorgenommen. Grundlage f\u00fcr die Datenverarbeitung ist Art. 6 Abs. 1 lit. f DSGVO, der die Verarbeitung von Daten zur Erf\u00fcllung eines Vertrags oder vorvertraglicher Ma\u00dfnahmen gestattet.<\/p>\n\n\n\n<p><strong>Weitere Hinweise:<\/strong><\/p>\n\n\n\n<p>Sie k\u00f6nnen die Erfassung von&nbsp; durch das Cookie und Scripte erzeugten und auf Ihre Nutzung der Website bezogenen Daten (inkl. Ihrer IP-Adresse) an Google und andere sowie die Verarbeitung dieser Daten durch Google verhindern, indem sie die unter dem folgenden Link verf\u00fcgbaren Browser-Plugin herunterladen und installieren:<br><a rel=\"noreferrer noopener\" target=\"_blank\" href=\"http:\/\/tools.google.com\/dlpage\/gaoptout?hl=de\"><\/a><a href=\"http:\/\/tools.google.com\/dlpage\/gaoptout?hl=de\" target=\"_blank\" rel=\"noreferrer noopener\">tools.google.com\/dlpage\/gaoptout<\/a><\/p>\n\n\n\n<p>Weitere Plugins zur Verbesserung der Sicherheit (Empfehlungsliste ohne Anspruch auf Vollst\u00e4ndigkeit):<\/p>\n\n\n\n<figure class=\"wp-block-embed\"><div class=\"wp-block-embed__wrapper\">\nhttps:\/\/adblockplus.org\/\n<\/div><\/figure>\n\n\n\n<figure class=\"wp-block-embed\"><div class=\"wp-block-embed__wrapper\">\nhttps:\/\/noscript.net\/\n<\/div><\/figure>\n\n\n\n<p><strong>Wichtiger Hinweis:<\/strong><\/p>\n\n\n\n<p>Auf die Wirkungsweise von fremden Scripten und deren meist im Hintergrund betriebenen Sende- und Empfangseigenschaften von Dateninhalten sowie auf deren&nbsp; Speicherungn von Daten und ihrer weiteren Nutuzung &nbsp; durch dritte Personen\/K\u00f6rperschaften\/Firmen\/Staaten oder haben wir keinen Einfluss.&nbsp; Bitte pr\u00fcfen immer die Einstellungen ihres Browser auf die m\u00f6gliche Sperrung von unerw\u00fcnschten Hintergunddiensten.<br>Wir empfehlen die oben genannten Werkzeuge und im Browser vorgesehenen Werkzeuge zur Verhinderung von unerw\u00fcnschtem Datenverkehr stets aktiv zu nutzen.<\/p>\n\n\n\n<p>&nbsp;<strong>Auskunftsrecht<br><\/strong><\/p>\n\n\n\n<p><strong>Sie haben das jederzeitige Recht, sich unentgeltlich und unverz\u00fcglich \u00fcber die zu Ihrer Person erhobenen Daten zu erkundigen.<br>Sie haben das jederzeitige Recht, Ihre Zustimmung zur Verwendung Ihrer angegeben pers\u00f6nlichen Daten mit Wirkung f\u00fcr die Zukunft zu widerrufen.<br>Zur Auskunftserteilung wenden Sie sich bitte an den Anbieter unter den Kontaktdaten im Impressum.<\/strong><\/p>\n","protected":false},"excerpt":{"rendered":"<p>Allgemeines Durch den Besuch der Webseite des Anbieters k\u00f6nnen Informationen \u00fcber den Zugriff (Datum, Uhrzeit, betrachtete Seite) gespeichert werden. Diese Daten geh\u00f6ren nicht zu den personenbezogenen Daten, sondern sind anonymisiert. Sie werden ausschlie\u00dflich zu statistischen Zwecken ausgewertet. Eine Weitergabe an Dritte, zu kommerziellen oder nichtkommerziellen Zwecken, findet nicht statt. Der Anbieter weist ausdr\u00fccklich darauf hin, [&hellip;]<\/p>\n","protected":false},"author":5,"featured_media":0,"parent":0,"menu_order":0,"comment_status":"closed","ping_status":"closed","template":"","meta":{"footnotes":""},"class_list":["post-78","page","type-page","status-publish","hentry"],"_links":{"self":[{"href":"https:\/\/kkstiftung.com\/index.php?rest_route=\/wp\/v2\/pages\/78","targetHints":{"allow":["GET"]}}],"collection":[{"href":"https:\/\/kkstiftung.com\/index.php?rest_route=\/wp\/v2\/pages"}],"about":[{"href":"https:\/\/kkstiftung.com\/index.php?rest_route=\/wp\/v2\/types\/page"}],"author":[{"embeddable":true,"href":"https:\/\/kkstiftung.com\/index.php?rest_route=\/wp\/v2\/users\/5"}],"replies":[{"embeddable":true,"href":"https:\/\/kkstiftung.com\/index.php?rest_route=%2Fwp%2Fv2%2Fcomments&post=78"}],"version-history":[{"count":1,"href":"https:\/\/kkstiftung.com\/index.php?rest_route=\/wp\/v2\/pages\/78\/revisions"}],"predecessor-version":[{"id":80,"href":"https:\/\/kkstiftung.com\/index.php?rest_route=\/wp\/v2\/pages\/78\/revisions\/80"}],"wp:attachment":[{"href":"https:\/\/kkstiftung.com\/index.php?rest_route=%2Fwp%2Fv2%2Fmedia&parent=78"}],"curies":[{"name":"wp","href":"https:\/\/api.w.org\/{rel}","templated":true}]}}