{"id":60,"date":"2023-04-11T13:27:54","date_gmt":"2023-04-11T11:27:54","guid":{"rendered":"https:\/\/docu.kkstiftung.com\/?page_id=60"},"modified":"2025-01-13T11:25:50","modified_gmt":"2025-01-13T09:25:50","slug":"spenden-spendenkonten","status":"publish","type":"page","link":"https:\/\/kkstiftung.com\/?page_id=60","title":{"rendered":"Spenden + Spendenkonten"},"content":{"rendered":"\n<h5 class=\"wp-block-heading\"><\/h5>\n\n\n\n<p>Die Karma Kagyu Stiftung ist als gemeinn\u00fctzige K\u00f6rperschaft des privaten Rechts anerkannt und kann steuerabzugsf\u00e4hige Zuwendungsbescheinigungen ausstellen.<br>Ein Freistellungsbescheid wurde zuletzt durch das Finanzamt Waldshut-Tiengen ausgestellt siehe auch PDF-Kopie -&gt;<a href=\"https:\/\/kkstiftung.com\/wp-content\/uploads\/2024\/02\/Freistellungsbescheid2023.pdf\" target=\"_blank\" rel=\"noreferrer noopener\">Freistellungsbescheid<\/a><\/p>\n\n\n\n<p>Spendenbescheinigungen werden in der Regel zu Anfang des auf die Spende folgenden Jahres als Sammelbescheinigung f\u00fcr alle im Jahr zu bescheinigenden Spenden ausgestellt und unaufgefordert zugestellt, sofern die Anschrift bei uns vollst\u00e4ndig vorhanden ist.<\/p>\n\n\n\n<p>Bitte denken Sie daran uns Ihre Anschrift mindestens einmal vollst\u00e4ndig mit Angabe von Telefon und Email-Adresse zuzusenden.<\/p>\n\n\n\n<p>Wir nutzten diese Daten ausschlie\u00dflich zur Ausstellung der Spendenbescheinigung und ggf. zur Information an Stipendiaten und Projekte, sofern diese danach fragen.<br><br>Ein Weitergabe von Adressen und sonstigen pers\u00f6nlichen Daten an Dritte erfolgt durch KKS grunds\u00e4tzlich nicht.<\/p>\n\n\n\n<p>Unsere Bankverbindung f\u00fcr alle Zuwendungen:<\/p>\n\n\n\n<figure class=\"wp-block-table\"><table><tbody><tr><td><strong>&nbsp; GLS Bank Bochum&nbsp;<\/strong><\/td><td><\/td><\/tr><tr><td><\/td><td><strong>Karma Kagyu Stiftung<\/strong><\/td><\/tr><tr><td><strong>IBAN<\/strong><\/td><td><strong>DE52&nbsp;4306 0967 7917 9735 00<\/strong><\/td><\/tr><tr><td><strong>BIC<\/strong><\/td><td><strong>GENODEM1GLS<\/strong><\/td><\/tr><\/tbody><\/table><\/figure>\n\n\n\n<p><\/p>\n\n\n\n<p><\/p>\n\n\n\n<p>Bitte bei <strong>allen <\/strong>\u00dcberweisungen den beabsichtigten Spendenzweck\/Verwendungszweck im Klartext angeben. Namen von Stipendiaten bitten wir als b\u00fcrgerliche Namen anzugeben. Danke. <p><strong>Hinweis<\/strong>:<\/p><p><strong>Bitte das Konto &#8222;Postbank&#8220; NICHT MEHR verwenden. Diese Konto wird demn\u00e4chst abgeschlossen.<\/strong><\/p><\/p>\n","protected":false},"excerpt":{"rendered":"<p>Die Karma Kagyu Stiftung ist als gemeinn\u00fctzige K\u00f6rperschaft des privaten Rechts anerkannt und kann steuerabzugsf\u00e4hige Zuwendungsbescheinigungen ausstellen.Ein Freistellungsbescheid wurde zuletzt durch das Finanzamt Waldshut-Tiengen ausgestellt siehe auch PDF-Kopie -&gt;Freistellungsbescheid Spendenbescheinigungen werden in der Regel zu Anfang des auf die Spende folgenden Jahres als Sammelbescheinigung f\u00fcr alle im Jahr zu bescheinigenden Spenden ausgestellt und unaufgefordert zugestellt, [&hellip;]<\/p>\n","protected":false},"author":5,"featured_media":0,"parent":0,"menu_order":0,"comment_status":"closed","ping_status":"closed","template":"","meta":{"footnotes":""},"class_list":["post-60","page","type-page","status-publish","hentry"],"_links":{"self":[{"href":"https:\/\/kkstiftung.com\/index.php?rest_route=\/wp\/v2\/pages\/60","targetHints":{"allow":["GET"]}}],"collection":[{"href":"https:\/\/kkstiftung.com\/index.php?rest_route=\/wp\/v2\/pages"}],"about":[{"href":"https:\/\/kkstiftung.com\/index.php?rest_route=\/wp\/v2\/types\/page"}],"author":[{"embeddable":true,"href":"https:\/\/kkstiftung.com\/index.php?rest_route=\/wp\/v2\/users\/5"}],"replies":[{"embeddable":true,"href":"https:\/\/kkstiftung.com\/index.php?rest_route=%2Fwp%2Fv2%2Fcomments&post=60"}],"version-history":[{"count":8,"href":"https:\/\/kkstiftung.com\/index.php?rest_route=\/wp\/v2\/pages\/60\/revisions"}],"predecessor-version":[{"id":327,"href":"https:\/\/kkstiftung.com\/index.php?rest_route=\/wp\/v2\/pages\/60\/revisions\/327"}],"wp:attachment":[{"href":"https:\/\/kkstiftung.com\/index.php?rest_route=%2Fwp%2Fv2%2Fmedia&parent=60"}],"curies":[{"name":"wp","href":"https:\/\/api.w.org\/{rel}","templated":true}]}}