{"id":6,"date":"2023-04-11T12:18:18","date_gmt":"2023-04-11T10:18:18","guid":{"rendered":"https:\/\/docu.kkstiftung.com\/?page_id=6"},"modified":"2025-05-22T12:28:23","modified_gmt":"2025-05-22T10:28:23","slug":"stiftungsportrait","status":"publish","type":"page","link":"https:\/\/kkstiftung.com\/","title":{"rendered":"Stiftungsportrait"},"content":{"rendered":"\n<h4 class=\"wp-block-heading\">Karma Kagyu Stiftung, <br>Zum Buck 11<br>D-79809 Weilheim<\/h4>\n\n\n\n<p><br>Die KKS hat seit ihrer Gr\u00fcndung an zahlreichen wesentlichen Projekten der buddhistischen Entwicklung f\u00f6rdernd und operativ teilgenommen. Dazu z\u00e4hlen :<br>&#8211; Aufbau des buddhistischen Religionszentrums : Dhagpo Kagyu Ling bei Montignac, Frankreich;<br>&#8211; Aufbau und laufende Unterst\u00fctzung des Klosters Kundreul Ling der Congr\u00e9gation Karma Tarchine Lhundrub in der Auvergne, Frankreich ;<br>&#8211; Neubau von Anlagen des Karmapa Charitable Trust in Rumtek, Sikkim , Indien;<br>&#8211; laufende Unterst\u00fctzung von Klausuren sowohl im Rahmen der monastischen Gemeinschaften, z.B. in der Auvergne, Frankreich\u00a0 wie auch von Laiengemeinschaften\u00a0 wie z.B. Dhagpo Dedr\u00f6l Ling, Plazac, Frankreich und anderen;<br>&#8211; Betrieb eines buddhistischen Seminarhaus in Weilheim &#8211; Remetschwiel (BW , s\u00fcdlicher Schwarzwald)\u00a0 ;<br><br>Im Focus der Aktivit\u00e4ten stehen Ma\u00dfnahmen zur F\u00f6rderung der seit dem 11 Jahrhundert in Tibet\u00a0 bestehende geistlichen Tradition der Karma Kagyu Schule, als deren Ausgangspunkt Tilopa, Naropa, Marpa, Milarepa und Gampopa angesehen werden. Durch zahlreiche geistliche Pers\u00f6nlichkeiten und insbesondere durch die Pers\u00f6nlichkeit des Gyalwa Karmapa wird diese Schule bis heute vertreten. Seit Gr\u00fcndung der KKS im Jahr 1988\u00a0 ist Karmapa als Pr\u00e4sident der Stiftung benannt und seit 2004 als Karmapa Trinley Thaye Dorje mit dieser Funktion aktiv betraut.<br>Die Kontinuit\u00e4t der Inhalte und gleicherma\u00dfen die Pers\u00f6nlichkeit des Pr\u00e4sidenten Karmapa Trinley Thaye Dorje versteht sich als ideelle Folge in der Motivation eines aktiven Bodhisattvas, der in seiner physischen Identit\u00e4t vor allem auch in einer geistlichen Kontinuit\u00e4t steht und mit K\u00f6rper Rede und Geist unmittelbar den spirituellen buddhistischen Inhalten dient, wie sie seit Sakyamuni Gautamo gelebt, gelehrt und\u00a0 angewendet werden, einschlie\u00dflich aller seitdem durch die Jahrhunderte\u00a0 entfalteten Erfahrungen.<br>Auf Grundlage dieses pers\u00f6nlich vertreten Erfahrungsschatzes konnte die Integrit\u00e4t der bis heute ungebrochen erhaltenen \u00dcberlieferungen gesichert und weitergegeben werden.<br>Wesentliches Anliegen der KKS ist In diesem Umfeld die Ausbildung und Entwicklung\u00a0 von geeigneten Bedingungen zur praktischen Aus\u00fcbung der buddhistischen Lehre. Dazu z\u00e4hlt insbesondere die F\u00f6rderung von Personen, die sich dieser Lehre als Studierende oder Praktizierende widmen.<br>In allen Aktivit\u00e4ten wird eine Hinwendung zum Lebendigen verstanden, das sich als Grundlage f\u00fcr ein Leben in Liebe Mitgef\u00fchl und Weisheit gleicherma\u00dfen grenzenlos\u00a0 entfalten soll.<br>Man kann darin sowohl eine aktuelle konkrete als auch eine h\u00f6chste spirituelle Aufgabe verstehen, die selbstlos mit allem Lebendigen verbunden ist.\u00a0\u00a0\u00a0\u00a0\u00a0\u00a0\u00a0\u00a0\u00a0\u00a0\u00a0\u00a0\u00a0\u00a0\u00a0\u00a0\u00a0\u00a0\u00a0\u00a0\u00a0\u00a0\u00a0\u00a0\u00a0\u00a0\u00a0\u00a0\u00a0\u00a0\u00a0\u00a0\u00a0\u00a0 -hg-<\/p>\n\n\n\n<p>Mehr aktuelle Infos des Pr\u00e4sidenten der KKS:<\/p>\n\n\n\n<p>Webseiten des Pr\u00e4sidenten der Stiftung:<br>&nbsp;<a href=\"https:\/\/www.karmapa.org\/\" target=\"_blank\" rel=\"noreferrer noopener\">https:\/\/www.karmapa.org<\/a><\/p>\n\n\n\n<p><a href=\"https:\/\/www.karmapa.org\/\">https:\/\/www.karmapa.org\/<\/a><\/p>\n\n\n\n<p><a rel=\"noreferrer noopener\" href=\"http:\/\/www.karmapa-news.org\/\" target=\"_blank\">http:\/\/www.karmapa-news.org\/<\/a><\/p>\n\n\n\n<h2 class=\"wp-block-heading\"><\/h2>\n\n\n\n<figure class=\"wp-block-table\"><table><thead><tr><th><a rel=\"noreferrer noopener\" href=\"http:\/\/www.biogarten-remetschwiel.de\/\" target=\"_blank\">http:\/\/www.biogarten-remetschwiel.de<\/a><br><br><strong>Die Angebote sind frisch vom Acker direkt am Ort verf\u00fcgbar.<br>Bitte fragen Sie nach.<br>Salate, Zucchini, Rote Beete, Kohlrabi, Mangold, Gr\u00fcnkohl, Kr\u00e4uter und mehr.<\/strong><\/th><\/tr><tr><th><img decoding=\"async\" src=\"https:\/\/kkstiftung.com\/uploads\/RTEmagicC_b1da7d9b44.gif.gif\" alt=\"\" style=\"width: 196px;\"><br>DE-\u00d6KO-006, <br>Landwirtschaft Deutschland<\/th><\/tr><\/thead><\/table><\/figure>\n\n\n\n<p><\/p>\n","protected":false},"excerpt":{"rendered":"<p>Karma Kagyu Stiftung, Zum Buck 11D-79809 Weilheim Die KKS hat seit ihrer Gr\u00fcndung an zahlreichen wesentlichen Projekten der buddhistischen Entwicklung f\u00f6rdernd und operativ teilgenommen. Dazu z\u00e4hlen :&#8211; Aufbau des buddhistischen Religionszentrums : Dhagpo Kagyu Ling bei Montignac, Frankreich;&#8211; Aufbau und laufende Unterst\u00fctzung des Klosters Kundreul Ling der Congr\u00e9gation Karma Tarchine Lhundrub in der Auvergne, Frankreich [&hellip;]<\/p>\n","protected":false},"author":5,"featured_media":0,"parent":0,"menu_order":0,"comment_status":"closed","ping_status":"closed","template":"","meta":{"footnotes":""},"class_list":["post-6","page","type-page","status-publish","hentry"],"_links":{"self":[{"href":"https:\/\/kkstiftung.com\/index.php?rest_route=\/wp\/v2\/pages\/6","targetHints":{"allow":["GET"]}}],"collection":[{"href":"https:\/\/kkstiftung.com\/index.php?rest_route=\/wp\/v2\/pages"}],"about":[{"href":"https:\/\/kkstiftung.com\/index.php?rest_route=\/wp\/v2\/types\/page"}],"author":[{"embeddable":true,"href":"https:\/\/kkstiftung.com\/index.php?rest_route=\/wp\/v2\/users\/5"}],"replies":[{"embeddable":true,"href":"https:\/\/kkstiftung.com\/index.php?rest_route=%2Fwp%2Fv2%2Fcomments&post=6"}],"version-history":[{"count":5,"href":"https:\/\/kkstiftung.com\/index.php?rest_route=\/wp\/v2\/pages\/6\/revisions"}],"predecessor-version":[{"id":352,"href":"https:\/\/kkstiftung.com\/index.php?rest_route=\/wp\/v2\/pages\/6\/revisions\/352"}],"wp:attachment":[{"href":"https:\/\/kkstiftung.com\/index.php?rest_route=%2Fwp%2Fv2%2Fmedia&parent=6"}],"curies":[{"name":"wp","href":"https:\/\/api.w.org\/{rel}","templated":true}]}}