{"id":51,"date":"2023-04-11T13:17:04","date_gmt":"2023-04-11T11:17:04","guid":{"rendered":"https:\/\/docu.kkstiftung.com\/?page_id=51"},"modified":"2023-04-11T19:41:24","modified_gmt":"2023-04-11T17:41:24","slug":"stiftungsverfassung","status":"publish","type":"page","link":"https:\/\/kkstiftung.com\/?page_id=51","title":{"rendered":"Stiftungsverfassung"},"content":{"rendered":"\n<h1 class=\"wp-block-heading\"><\/h1>\n\n\n\n<h1 class=\"wp-block-heading\"><a><\/a>\u00a7 1<\/h1>\n\n\n\n<h1 class=\"wp-block-heading\">Name und Sitz der Stiftung<\/h1>\n\n\n\n<p>Die Stiftung f\u00fchrt den Namen &#8220; Karma Kagyu Stiftung&#8220;.<\/p>\n\n\n\n<p>Sie hat ihren Sitz in Taunusstein-Wehen.<\/p>\n\n\n\n<p>Sie ist eine rechtsf\u00e4hige Stiftung des b\u00fcrgerlichen Rechts.<\/p>\n\n\n\n<h1 class=\"wp-block-heading\"><br><br><\/h1>\n\n\n\n<h1 class=\"wp-block-heading\"><a><\/a>\u00a7 2<\/h1>\n\n\n\n<h1 class=\"wp-block-heading\">Stiftungszweck<\/h1>\n\n\n\n<p>#TOP<\/p>\n\n\n\n<p><br>2.1<br><br>Die Stiftung verfolgt ausschlie\u00dflich und unmittelbar gemeinn\u00fctzige und mildt\u00e4tige Zwecke im Sinne der \u00a7\u00a7 51 ff.AO. Sie handelt in selbstloser Absicht, das hei\u00dft,sie verfolgt nicht in erster Linie eigenwirtschaftliche Zwecke.<br><br>2.2<br><br>Zweck der Stiftung ist die F\u00f6rderung der buddhistischen Religion, der buddhistischen Lehre in Theorie und Praxis sowie die Pflege des buddhistischen Lebens und insbesondere die mildt\u00e4tige Hinwendung zu Unterst\u00fctzung bed\u00fcrfenden Personen in Aus\u00fcbung und Anwendung der allgemeinen buddhistischen Lehre.<br><br>Dieser religi\u00f6se Zweck soll insbesondere verwirklicht werden durch das Ergreifen von Ma\u00dfnahmen zum Zweck der\/des:<\/p>\n\n\n\n<p><\/p>\n\n\n\n<ul class=\"wp-block-list\">\n<li>Erwerb, Errichtung, Ausstattung und Unterhaltung von Immobilien, die der Aus\u00fcbung, der Lehre, oder der Erforschung buddhistischer Inhalte und Traditionen dienen, einschlie\u00dflich der Schaffung dazu notwendiger Infrastruktur, wie z.B. Beherbergung, Verk\u00f6stigung, Freizeitm\u00f6glichkeiten etc.;<\/li>\n\n\n\n<li>Vorbereitung und Durchf\u00fchrung von Veranstaltungen;<\/li>\n\n\n\n<li>Erstellung und Ver\u00f6ffentlichung von Schriften oder anderen Informationstr\u00e4gern, die geeignet erscheinen, einem breiten Publikum die buddhistischen Lehren n\u00e4her zu bringen;<\/li>\n\n\n\n<li>F\u00f6rderung von Personen, welche die buddhistischen Lehren, die Sprachen in denen diese \u00fcberliefert werden, oder die buddhistischen Philosophien oder andere auf den Buddhismus bezogenen Inhalte durch Studium, Praxis und Erkenntnis bewahren und erhalten;<\/li>\n\n\n\n<li>Vergabe von Stipendien f\u00fcr Studenten und Lehrer;<\/li>\n\n\n\n<li>Erarbeitung von \u00dcbersetzungen buddhistischer Schriften;<\/li>\n\n\n\n<li>F\u00f6rderung der K\u00fcnste und Wissenschaften, welche in Wort, Bild, Tanz oder Musik die Erfahrungswelt des buddhistischen Lebens und Denkens darstellen oder dem Erwerb von Einsichten f\u00fcr die Gestaltung der Beziehungen zur Umwelt aus buddhistischer Sicht dienen;<\/li>\n\n\n\n<li>Erwerb, Sammlung und Archivierung buddhistischer Kunst- und Kulturerzeugnisse sowie von Gegenst\u00e4nden, welche der Religionsaus\u00fcbung dienen;<\/li>\n\n\n\n<li>Erstellung und Unterhaltung von Archiven und Sammlungen, die Texte, Bildwerke und andere Informationstr\u00e4ger umfassen,welche das Wissen und die aufgezeichneten Erfahrungen der buddhistischen Lehre, Forschung und Praxis oder deren lebendiger Repr\u00e4sentanten, enthalten;<\/li>\n\n\n\n<li>Herstellung eines Dialoges zwischen den Religionen;<\/li>\n\n\n\n<li>seelsorgerischen Betreuung;<\/li>\n\n\n\n<li>Errichtung und Pflege von Friedh\u00f6fen;<\/li>\n\n\n\n<li>wissenschaftlichen T\u00e4tigkeiten, die f\u00fcr die Entwicklung und Darstellung der buddhistischen Lehre und Praxis bedeutungsvoll erscheinen oder f\u00fcr die Anwendung der buddhistischen Lehre und Praxis in den verschiedenen Gesellschaftsformen von Bedeutung sind;<\/li>\n\n\n\n<li>Erwerbs, Errichtung, Unterhalts von Einrichtungen, die der Selbstversorgung der kl\u00f6sterlichen Gemeinschaften dienen;<\/li>\n\n\n\n<li>F\u00f6rderung der M\u00f6nchs- und Nonnengemeinschaften;<\/li>\n<\/ul>\n\n\n\n<p><br>&nbsp;<br>2.3<br>&nbsp;<br>Die Erf\u00fcllung der Zwecke, wie sie in dieser Stiftungsverfassung beschrieben werden, kann sowohl im Inland als auch im Ausland erfolgen.<br>&nbsp;<br>&nbsp;<br>2.4<br>&nbsp;<br>Die Stiftung ist berechtigt Hilfspersonen mit der Mittelverwendung zu beauftragen.<br>&nbsp;<br>&nbsp;<br>2.5<br><br>Die Stiftung ist berechtigt, Mittel an inl\u00e4ndische K\u00f6rperschaften oder an ausl\u00e4ndische K\u00f6rperschaften, die den in \u00a7 1 K\u00f6rperschaftsteuergesetz genannten K\u00f6rperschaften vergleichbar sind, weiterzugeben.<br>&nbsp;<\/p>\n\n\n\n<p><br>&nbsp;<br>&nbsp; &nbsp;<br>2.6<br><br>Eine Mittelweitergabe darf nur unter dem Aspekt erfolgen, dass der Zuwendungsempf\u00e4nger die zugewandten Mittel ausschlie\u00dflich f\u00fcr die in diesem Paragraphen dargestellten Zwecke verwendet. Die Stiftung hat im Rahmen des ihr M\u00f6glichen daf\u00fcr Sorge zu tragen, dass die zugewendeten Mittel tats\u00e4chlich dem Zweck der Stiftung entsprechend verwendet werden.<br>&nbsp;<br>&nbsp;<\/p>\n\n\n\n<h1 class=\"wp-block-heading\"><a><\/a>\u00a7 3<\/h1>\n\n\n\n<h1 class=\"wp-block-heading\">Stiftungsverm\u00f6gen<\/h1>\n\n\n\n<p>3.1<br><br>Das Stiftungsverm\u00f6gen ist in seinem Wert ungeschm\u00e4lert zu erhalten. Es ist von \u00fcbrigem Verm\u00f6gen getrennt zu halten.<br>&nbsp;<br>&nbsp;<br>3.2<\/p>\n\n\n\n<p>Dem Stiftungsverm\u00f6gen wachsen diejenigen Zuwendungen zu, die daf\u00fcr bestimmt sind.<\/p>\n\n\n\n<p>Soweit es zur Gew\u00e4hrleistung der nachhaltigen und dauerhaften Verwirklichung dieser Ziele notwendig ist,darf die Stiftung die Stiftungsertr\u00e4ge eines Gesch\u00e4ftsjahres teilweise zur Erh\u00f6hung des Stiftungsverm\u00f6gens verwenden.<br>&nbsp;<br>&nbsp;<br>&nbsp; &nbsp;<br>3.3<\/p>\n\n\n\n<p>Zur Verwaltung des Stiftungsverm\u00f6gens darf sich die Stiftung unabh\u00e4ngiger externer Verm\u00f6gensverwalter bedienen.<\/p>\n\n\n\n<h1 class=\"wp-block-heading\"><a><\/a>\u00a7 4<\/h1>\n\n\n\n<h1 class=\"wp-block-heading\">Zuwendungen und Darlehen<\/h1>\n\n\n\n<p>4.1<br><br>Vorbehaltlich der in Nummer 4.5 bis 4.7 dieser Verfassung genannten Bestimmungen ist die Stiftung berechtigt, Einlagen, Spenden, sonstige Zuwendungen und Darlehen entgegen zunehmen.<br><br>4.2<br><br>Die Zuwendungen nach Nummer 4 dieses Paragraphen k\u00f6nnen sowohl zur unmittelbaren Verwendung f\u00fcr die Zwecke der Stiftung als auch zur Erh\u00f6hung des Stiftungsgrundverm\u00f6gens bestimmt sein.<br><br>4.3<br><br>Zuwendungen, Einlagen und Darlehen im Sinne der Nummer 4 diese Paragraphen k\u00f6nnen in Form von Geld- oder Sachleistungen gew\u00e4hrt werden.<br><br>4.4<br><br>Die Stiftung ist berechtigt, folgende Verm\u00f6gensgegenst\u00e4nde im Sinne der Nummer 3 dieses Paragraphen entgegenzunehmen:<br>&nbsp;<br>&nbsp;<br>a) Eigentumsrechte an Verm\u00f6gensgegenst\u00e4nden insbesondere an:<br>&nbsp;<br>&nbsp;<\/p>\n\n\n\n<ul class=\"wp-block-list\">\n<li>unmittelbar zur Verfolgung der Stiftungszwecke verwendbaren Verm\u00f6gensgegenst\u00e4nde,<\/li>\n\n\n\n<li>Wertpapieren,<\/li>\n\n\n\n<li>Beteiligungen an Kapital- und Personengesellschaften,<\/li>\n\n\n\n<li>sonstigen ertragbringenden Verm\u00f6gensgegenst\u00e4nden jeder Art,<\/li>\n<\/ul>\n\n\n\n<p><br>&nbsp;<br>b) die \u00dcberlassung der Nutzung an den oben unter Buchstabe a) genannten Verm\u00f6gensgegenst\u00e4nden.<br>&nbsp;<br>&nbsp;<br>4.5<br>&nbsp;<br>&nbsp;<br>Bei Entgegennahme von Einlagen und Darlehen ist die Vollstreckung wegen eines Einlagen- oder Darlehensr\u00fcckgew\u00e4hrungsanspruches in das Stiftungsverm\u00f6gen auszuschlie\u00dfen. Dar\u00fcber hinaus kann in dem jeweiligen Vertrag bez\u00fcglich der Einlagen oder Darlehen der Ausschluss der Abtretung des Anspruches auf Einlage- oder Darlehnsr\u00fcckgew\u00e4hr an Dritte vereinbart werden.<br>&nbsp;<br>&nbsp;<br>4.6<br>&nbsp;<br>&nbsp;<br>Die Stiftung ist berechtigt sich gegen\u00fcber den Gebern von Einlagen oder Darlehen hinsichtlich der Verwendung der zugewandten Mittel bzw. der Verwendung der Ertr\u00e4ge aus zugewandten Verm\u00f6gensgegenst\u00e4nden zu binden(z.B. ausschlie\u00dfliche Verwendung zu zugunsten eines bestimmten Projektes.<br>&nbsp;<br>&nbsp;<br>4.7<br>&nbsp;<br>&nbsp;<br>Die Stiftung ist berechtigt treuh\u00e4nderisches Eigentum an Verm\u00f6gensgegenst\u00e4nden zu erwerben, deren Nutzung ihr ganz oder teilweise zugedacht sind.<br>&nbsp;<br>&nbsp;<br>&nbsp; &nbsp;<br><br><br><br><\/p>\n\n\n\n<h1 class=\"wp-block-heading\"><a><\/a>\u00a7 5<\/h1>\n\n\n\n<h1 class=\"wp-block-heading\"><strong>Verwendung der Mittel der Stiftung<\/strong><\/h1>\n\n\n\n<p>5.1<br>&nbsp;<br>&nbsp;<br>Mittel der Stiftung im Sinne dies Paragraphen sind diejenigen Zuwendungen des Stifters oder Dritter sowie diejenigen Ertr\u00e4ge aus der Verwaltung des Verm\u00f6gens der Stiftung (Stiftungsverm\u00f6gen und sonstige Verm\u00f6gen), die nicht dazu bestimmt sind bzw. bestimmt werden, das Stiftungsverm\u00f6gen zu erh\u00f6hen.<br>&nbsp;<br>&nbsp;<br>5.2<br><br>Die verf\u00fcgbaren Mittel der Stiftung d\u00fcrfen nur f\u00fcr die verfassungsm\u00e4\u00dfigen Zweck verwendet werden. Es darf keine Person durch Ausgaben, die dem Zweck der Stiftung fremd sind, oder durch unverh\u00e4ltnism\u00e4\u00dfig hohe Verg\u00fctungen beg\u00fcnstigt werden.<br>&nbsp;<br>&nbsp;<br>5.3<br>&nbsp;<br>Vorbehaltlich der nachfolgenden Bestimmungen sind die Mittel der Stiftung zeitnah f\u00fcr die Zwecke der Stiftung zu verwenden.<br>&nbsp;<br>&nbsp;<br>5.4<br>&nbsp;<br>Die Entscheidung \u00fcber Art und Weise der Verwendung der Mittel der Stiftung trifft der Vorstand durch einstimmigen Beschluss<br>&nbsp;<\/p>\n\n\n\n<p><br>&nbsp;<br>5.5<br>&nbsp;<br>Die Jahresabrechnung, die Verm\u00f6gens\u00fcbersicht sowie der Bericht \u00fcber die Erf\u00fcllung des Stiftungszweckes sind der Stiftungsaufsichtsbeh\u00f6rde vorzulegen.<br>&nbsp;<br>&nbsp;<br>5.6<br>&nbsp;<br>Das Gesch\u00e4ftsjahr ist das Kalenderjahr.<br><br><br><br><br><\/p>\n\n\n\n<h1 class=\"wp-block-heading\"><a><\/a>\u00a7 6<\/h1>\n\n\n\n<h1 class=\"wp-block-heading\">Organe der Stiftung<\/h1>\n\n\n\n<p>Organe der Stiftung sind:<br>&nbsp;<br>&nbsp;<br>Der Pr\u00e4sident<br>&nbsp; &nbsp;<br>Der Vorstand<br>&nbsp; &nbsp;<br>Das Kuratorium<\/p>\n\n\n\n<h1 class=\"wp-block-heading\"><a><\/a>\u00a7 7<\/h1>\n\n\n\n<h1 class=\"wp-block-heading\">Der Pr\u00e4sident<\/h1>\n\n\n\n<p><br>7.1<br>&nbsp;<br>&nbsp;<br>Die Stiftung untersteht der geistlichen F\u00fchrung Seiner Heiligkeit des Karmapa Trinley Thaye Dordje.<br>&nbsp; (ge\u00e4ndert 15.7.2007)<br>&nbsp;<br><br>7.2<br><br>&nbsp; &nbsp;<\/p>\n\n\n\n<p>Nach Ausscheiden, R\u00fccktritt oder Tod des amtierenden Pr\u00e4sidenten oder eines Stellvertreters erfolgt die Benennung eines Nachfolgers auf Vorschlag des ausgeschiedenen Pr\u00e4sidenten, des Vorstandes und des Kuratoriums und\/oder auf Vorschlag ma\u00dfgeblicher Repr\u00e4sentanten der Karma Kagyu Schule.<br>&nbsp; &nbsp;<br>Die Einsetzung eines Pr\u00e4sidenten der Karma Kagyu Stiftung wird durch einstimmigen Beschluss aller Mitglieder des Vorstandes und des Kuratoriums vorgenommen.<br>&nbsp; &nbsp;<br>Die Beschlussfassung bez\u00fcglich der Person des Pr\u00e4sidenten oder des jeweiligen Stellvertreters muss in geheimer Wahl erfolgen.<br>&nbsp; &nbsp;<br>Sollte eine einstimmige Beschlussfassung zur Person des Pr\u00e4sidenten nicht gefunden werden k\u00f6nnen, bleibt das Amt des Pr\u00e4sidenten unbesetzt. In diesem Fall \u00fcbernehmen der Vorstand und das Kuratorium die Aufgaben des Pr\u00e4sidenten. Alle Entscheidungen, welche in Vertretung des Pr\u00e4sidenten durch Vorstand und Kuratorium vorgenommen werden bed\u00fcrfen mindestens einer 2\/3 Mehrheit s\u00e4mtlicher Mitglieder von Vorstand und Kuratorium.<br>&nbsp;<br>&nbsp;<br>&nbsp; &nbsp;<br>7.3<br>&nbsp;<br>&nbsp;<br>Der Pr\u00e4sident bestellt die Mitglieder des Vorstandes und des Kuratoriums in \u00dcbereinstimmung mit den zum Zeitpunkt der Nominierung amtierenden Mitgliedern von Vorstand und Kuratorium.<br>&nbsp;<br>&nbsp;<br>Die Nominierungen von Mitgliedern des Vorstandes und des Kuratoriums bed\u00fcrfen einer 2\/3 Mehrheit aller Mitglieder der zum Zeitpunkt der Nominierung amtierenden Organe der Stiftung (Pr\u00e4sident, Vorstand, Kuratorium).<br>&nbsp;<br>&nbsp;<br>Der Pr\u00e4sident kann den Vorsitzenden des Vorstandes benennen.<br>&nbsp;<br>&nbsp;<\/p>\n\n\n\n<h1 class=\"wp-block-heading\"><a><\/a>\u00a7 8<\/h1>\n\n\n\n<h1 class=\"wp-block-heading\">Der Vorstand<\/h1>\n\n\n\n<p><br><br><br>8.1<br>&nbsp;<br>&nbsp;<br>Der Vorstand besteht aus dem Stifter als Vorsitzenden und zwei weiteren Vorstandsmitgliedern.<br>Nach Ausscheiden des Stifters wird der Vorsitzende vom Pr\u00e4sidenten bestellt.<br>&nbsp;<br>&nbsp;<br>8.2<br>&nbsp;<br>&nbsp;<br>Der Pr\u00e4sident kann die Vorstandsmitglieder nach Anh\u00f6rung des Vorstandes und des Kuratoriums jederzeit abberufen.<br>&nbsp;<br>&nbsp;<br>8.3<br>&nbsp;<br>&nbsp;<br>Die Vorstandsmitglieder werden f\u00fcr jeweils drei Jahre bestellt; Wiederbestellung ist zul\u00e4ssig.<br>&nbsp;<br>&nbsp;<br>8.4<br>&nbsp;<br>&nbsp;<br>Die Mitglieder des Vorstandes sind ehrenamtlich t\u00e4tig; ihnen d\u00fcrfen keine Verm\u00f6gensvorteile zugewendet werden. Sie k\u00f6nnen in angemessenem Umfang Ersatz ihrer Auslagen und eine pauschale Entsch\u00e4digung f\u00fcr ihren Sach- und Zeitaufwand erhalten.<br>&nbsp;<br>&nbsp;<br>&nbsp; &nbsp;<br><br><br><br><\/p>\n\n\n\n<h1 class=\"wp-block-heading\"><a><\/a>\u00a7 9<\/h1>\n\n\n\n<h1 class=\"wp-block-heading\">Rechte und Pflichten des Vorstandes<\/h1>\n\n\n\n<p><br><br>9.1<br>&nbsp;<br>&nbsp;<br>Der Vorstand vertritt die Stiftung gerichtlich und au\u00dfergerichtlich.<br>Er hat die Stellung eines gesetzlichen Vertreters.<br>Er handelt durch seinen Vorsitzenden.<br>&nbsp;<br>&nbsp;<br>9.2<br>&nbsp;<br>&nbsp;<br>Der Vorstand erf\u00fcllt seine Aufgaben im Rahmen des Stiftungsgesetzes, dieser Verfassung und in \u00dcbereinstimmung mit dem Pr\u00e4sidenten.<br>&nbsp;<br>&nbsp;<br>9.3<br>&nbsp;<br>&nbsp;<br>Seine Aufgabe ist insbesondere<br>&nbsp;<br>&nbsp;<br>a) die Verwaltung des Stiftungsverm\u00f6gens einschlie\u00dflich der F\u00fchrung von B\u00fcchern und der Erstellung des Jahresabschlusses;<br>b) die Beschlussfassung \u00fcber die Verwendung der Mittel der Stiftung und der Ertr\u00e4ge des Stiftungsverm\u00f6gens.<br>&nbsp;<br>&nbsp;<\/p>\n\n\n\n<p><br>&nbsp;<br>9.4<br>&nbsp;<br>&nbsp;<br>Der Vorstand gibt sich eine Gesch\u00e4ftsordnung.<br>&nbsp;<br>&nbsp;<br>9.5<br>&nbsp;<br>&nbsp;<br>Der Vorstand kann zur Erf\u00fcllung seiner Aufgaben Dritte heranziehen.<br>Er ist dabei von den Beschr\u00e4nkungen des \u00a7 181 BGB befreit.<br>&nbsp;<br>&nbsp;<br>9.6<br>&nbsp;<br>&nbsp;<br>Der Vorstand informiert den Pr\u00e4sidenten und das Kuratorium regelm\u00e4\u00dfig und nimmt zu deren Vorschl\u00e4gen Stellung.<br>&nbsp;<br>&nbsp;<br>&nbsp; &nbsp;<br><br><br><br><\/p>\n\n\n\n<h1 class=\"wp-block-heading\"><a><\/a>\u00a7 10<\/h1>\n\n\n\n<h1 class=\"wp-block-heading\">Beschl\u00fcsse<\/h1>\n\n\n\n<p><br><br><br>10.1<br>&nbsp;<br>&nbsp;<br>Der Vorstand beschlie\u00dft einstimmig.<br>&nbsp;<br>&nbsp;<br>10.2<br>&nbsp;<br>&nbsp;<br>Beschl\u00fcsse k\u00f6nnen im schriftlichen Verfahren gefasst werden.<br>&nbsp;<br>&nbsp;<br>10.3<br>&nbsp;<br>&nbsp;<br>\u00dcber Vorstandsitzungen ist unverz\u00fcglich eine Ergebnisniederschrift zu erstellt und dem Pr\u00e4sidenten, den Vorstandsmitgliedern und dem Kuratorium zu \u00fcbersenden.<br>&nbsp;<br>&nbsp;<\/p>\n\n\n\n<h1 class=\"wp-block-heading\"><a><\/a>\u00a7 11<\/h1>\n\n\n\n<h1 class=\"wp-block-heading\">Zusammensetzung des Kuratoriums<\/h1>\n\n\n\n<p><br><br><br>11.1<br>&nbsp;<br>&nbsp;<br>Das Kuratorium besteht aus h\u00f6chstens sieben Kuratoriumsmitgliedern.<br>&nbsp;<br>&nbsp;<br>11.2<br>&nbsp;<br>&nbsp;<br>Die Mitglieder des Kuratoriums sind ehrenamtlich t\u00e4tig.<br>ihnen d\u00fcrfen keine Verm\u00f6gensvorteile zugewendet werden.<br>Sie k\u00f6nnen in angemessenem Umfang Ersatz ihrer Auslagen erhalten.<br>&nbsp;<br>&nbsp;<br>11.3<br>&nbsp;<br>&nbsp;<br>Die Amtsdauer der Mitglieder des Kuratoriums betr\u00e4gt 5 Jahre.<br>&nbsp;<br>&nbsp;<br>&nbsp; &nbsp;<br><br><br><br><\/p>\n\n\n\n<h1 class=\"wp-block-heading\"><a><\/a>\u00a7 12<\/h1>\n\n\n\n<h1 class=\"wp-block-heading\">Aufgaben des Kuratoriums<\/h1>\n\n\n\n<p><br><br><br>12.1<br>&nbsp;<br>&nbsp;<br>Das Kuratorium unterst\u00fctzt den Vorstand bei der Wahrnehmung seiner Aufgaben und ber\u00e4t \u00fcber die Erf\u00fcllung der Zwecke der Stiftung.<br>&nbsp;<br>&nbsp;<br>12.2<br>&nbsp;<br>&nbsp;<br>Das Kuratorium kann Einblick in die Unterlagen und Vorg\u00e4nge der Stiftung nehmen und ber\u00e4t den Vorstand bei der Wahrnehmung seiner Aufgaben.<br>&nbsp;<br>&nbsp;<br>12.3<br>&nbsp;<br>&nbsp;<br>Das Kuratorium kann sich eine Gesch\u00e4ftsordnung geben. Sie bedarf der Zustimmung des Pr\u00e4sidenten und des Vorstandes.<br>&nbsp;<br>&nbsp;<br>12.4<br>&nbsp;<br>&nbsp;<br>Zu Versammlungen l\u00e4dt der Pr\u00e4sident oder der Vorstand sp\u00e4testens sechs Wochen vor Beginn schriftlich ein.<br>&nbsp;<br>&nbsp;<br>12.5<br>&nbsp;<br>&nbsp;<br>Das Kuratorium tritt auf Einladung des Pr\u00e4sidenten oder des Vorstandes oder auf Wunsch von mindestens zweier seiner Mitglieder zusammen.<br>Zu Sitzungen des Kuratoriums ist mit Frist von sechs Wochen einzuladen.<br>&nbsp;<br>&nbsp;<\/p>\n\n\n\n<h1 class=\"wp-block-heading\"><a><\/a>\u00a7 13<\/h1>\n\n\n\n<h1 class=\"wp-block-heading\">Verfassungs\u00e4nderungen<\/h1>\n\n\n\n<p><br>13.1<br>&nbsp;<br>&nbsp;<br>Der Vorstand kann eine \u00c4nderung der Verfassung beantragen, wenn ihm die Anpassung an die ver\u00e4nderten Verh\u00e4ltnisse notwendig erscheint.<br>Der Stiftungszweck darf in seinem Wesen nicht ver\u00e4ndert werden.<br>&nbsp;<br>&nbsp;<br>13.2<br>&nbsp;<br>&nbsp;<br>Der \u00c4nderungsbeschluss bedarf der Zustimmung des Pr\u00e4sidenten, aller Vorstandsmitglieder und von zwei Dritteln der Kuratoriumsmitglieder.<br>&nbsp;<br>&nbsp;<br>13.3<br>&nbsp;<br>&nbsp;<br>Nicht ge\u00e4ndert werden darf \u00a7 7.1 dieser Verfassung, ausgenommen auf pers\u00f6nlichen Antrag des Pr\u00e4sidenten der Stiftung.<br>&nbsp;<\/p>\n\n\n\n<h1 class=\"wp-block-heading\"><a><\/a>\u00a7 14<\/h1>\n\n\n\n<h1 class=\"wp-block-heading\">Aufl\u00f6sung der Stiftung<\/h1>\n\n\n\n<p><br>14.1<br>&nbsp;<\/p>\n\n\n\n<p>&nbsp;<br>Der Vorstand und das Kuratorium k\u00f6nnen in \u00dcbereinstimmung mit dem Pr\u00e4sidenten gemeinsam die Aufl\u00f6sung der Stiftung der Stiftung beantragen, wenn die Umst\u00e4nde es nicht mehr zulassen, den Stiftungszweck dauernd und nachhaltig zu erf\u00fcllen.<br>&nbsp;<\/p>\n\n\n\n<p>&nbsp;<br>14.2<br>&nbsp;<br>&nbsp;<br>Der Aufl\u00f6sungsbeschluss bedarf der Zustimmung des Pr\u00e4sidenten, aller Mitglieder des Vorstandes und des Kuratoriums.<br>&nbsp;<br>&nbsp;<\/p>\n\n\n\n<h1 class=\"wp-block-heading\"><a><\/a>\u00a7 15<\/h1>\n\n\n\n<h1 class=\"wp-block-heading\">Verm\u00f6gensanfall<\/h1>\n\n\n\n<p><br><br><br>Bei Aufl\u00f6sung oder Aufhebung der Stiftung f\u00e4llt das verbleibende Verm\u00f6gen an Karma Kagyu Dachverband e.V.mit Sitz in D-42285 Wuppertal, Heinkelstr. 27, welcher es im Sinne des \u00a7 2 dieser Verfassung zu verwenden hat.<br>&nbsp;<br>&nbsp;<\/p>\n\n\n\n<h1 class=\"wp-block-heading\"><a><\/a>\u00a7 16<\/h1>\n\n\n\n<h1 class=\"wp-block-heading\">Stiftungsaufsicht<\/h1>\n\n\n\n<p><br><br>Die Stiftung unterliegt der staatlichen Aufsicht nach Ma\u00dfgabe des jeweils geltenden Stiftungsrechts.<\/p>\n\n\n\n<hr class=\"wp-block-separator has-alpha-channel-opacity\"\/>\n\n\n\n<p><\/p>\n","protected":false},"excerpt":{"rendered":"<p>\u00a7 1 Name und Sitz der Stiftung Die Stiftung f\u00fchrt den Namen &#8220; Karma Kagyu Stiftung&#8220;. Sie hat ihren Sitz in Taunusstein-Wehen. Sie ist eine rechtsf\u00e4hige Stiftung des b\u00fcrgerlichen Rechts. \u00a7 2 Stiftungszweck #TOP 2.1 Die Stiftung verfolgt ausschlie\u00dflich und unmittelbar gemeinn\u00fctzige und mildt\u00e4tige Zwecke im Sinne der \u00a7\u00a7 51 ff.AO. Sie handelt in selbstloser [&hellip;]<\/p>\n","protected":false},"author":5,"featured_media":0,"parent":0,"menu_order":0,"comment_status":"closed","ping_status":"closed","template":"","meta":{"footnotes":""},"class_list":["post-51","page","type-page","status-publish","hentry"],"_links":{"self":[{"href":"https:\/\/kkstiftung.com\/index.php?rest_route=\/wp\/v2\/pages\/51","targetHints":{"allow":["GET"]}}],"collection":[{"href":"https:\/\/kkstiftung.com\/index.php?rest_route=\/wp\/v2\/pages"}],"about":[{"href":"https:\/\/kkstiftung.com\/index.php?rest_route=\/wp\/v2\/types\/page"}],"author":[{"embeddable":true,"href":"https:\/\/kkstiftung.com\/index.php?rest_route=\/wp\/v2\/users\/5"}],"replies":[{"embeddable":true,"href":"https:\/\/kkstiftung.com\/index.php?rest_route=%2Fwp%2Fv2%2Fcomments&post=51"}],"version-history":[{"count":3,"href":"https:\/\/kkstiftung.com\/index.php?rest_route=\/wp\/v2\/pages\/51\/revisions"}],"predecessor-version":[{"id":181,"href":"https:\/\/kkstiftung.com\/index.php?rest_route=\/wp\/v2\/pages\/51\/revisions\/181"}],"wp:attachment":[{"href":"https:\/\/kkstiftung.com\/index.php?rest_route=%2Fwp%2Fv2%2Fmedia&parent=51"}],"curies":[{"name":"wp","href":"https:\/\/api.w.org\/{rel}","templated":true}]}}