{"id":48,"date":"2023-04-11T13:15:39","date_gmt":"2023-04-11T11:15:39","guid":{"rendered":"https:\/\/docu.kkstiftung.com\/?page_id=48"},"modified":"2025-01-13T12:04:21","modified_gmt":"2025-01-13T10:04:21","slug":"projekte-der-stiftung","status":"publish","type":"page","link":"https:\/\/kkstiftung.com\/?page_id=48","title":{"rendered":"Stipendien und Projekte der Stiftung"},"content":{"rendered":"\n<p><strong>Stipendien<\/strong><\/p>\n\n\n\n<p>Stipendiaten in Le Bost und Laussedat Kloster Kundreul Ling der Congr\u00e9gation Karma Tarchine Lhundrub<\/p>\n\n\n\n<p>Stipendiaten in M\u00f6hra, DHAGPO M\u00d6HRA &#8211; Schedrub Tsch\u00f6pel Ling,  Karma K\u00fcndr\u00f6l P\u00fcntsok Ling e. V.<br><a rel=\"noreferrer noopener\" href=\"https:\/\/dhagpo-moehra.org\/\" target=\"_blank\">https:\/\/dhagpo-moehra.org<\/a><\/p>\n\n\n\n<p>Stipendiaten in Marfond, Congr\u00e9gation Karm\u00e8 Dharma Chakra<br><a rel=\"noreferrer noopener\" href=\"https:\/\/www.dhagpo-dedrol.org\/\" target=\"_blank\">https:\/\/www.dhagpo-dedrol.org\/<\/a><\/p>\n\n\n\n<p>weitere Stipendien f\u00fcr Retreat, Klausuren,  Lehre, Praxis, \u00dcbersetzung, wissenschaftliche Arbeit, Kursveranstaltungen und Leitung \/ Mitarbeit in  Projekten und Veranstaltungen  usw. an verschiedenen Orten weltweit.<\/p>\n\n\n\n<div style=\"height:50px\" aria-hidden=\"true\" class=\"wp-block-spacer\"><\/div>\n\n\n\n<p><strong>Projekte<\/strong><\/p>\n\n\n\n<p>Dhagpo Kagyu Ling, Congr\u00e9gation Karm\u00e8 Dharma Chakra: Geb\u00e4ude, Bibliothek<br><a rel=\"noreferrer noopener\" href=\"https:\/\/www.dhagpo.org\" target=\"_blank\">https:\/\/www.dhagpo.org<\/a><br><\/p>\n\n\n\n<p>Karma Gyurme Ling, Karma Kagyu Stiftung : buddhistisches Seminarhaus, Veranstaltungsort, Klausur, Zur\u00fcckziehung f\u00fcr Retreats, Praxisperioden oder Lehrveranstaltungen<\/p>\n\n\n\n<ul class=\"wp-block-list\"><\/ul>\n\n\n\n<p><a href=\"https:\/\/rigdrol.de\/\" target=\"_blank\" rel=\"noreferrer noopener\">https:\/\/rigdrol.de\/<\/a><\/p>\n\n\n\n<div style=\"height:50px\" aria-hidden=\"true\" class=\"wp-block-spacer\"><\/div>\n\n\n\n<h4 class=\"wp-block-heading\">Seminarhaus Remetschwiel<\/h4>\n\n\n\n<ul class=\"wp-block-list\"><\/ul>\n\n\n\n<p>Vermietung an&nbsp; G\u00e4ste und Gruppen f\u00fcr Ferien, Seminare, Fortbildung, Musikprobe, Theatergruppen, Familien, Vereine und als Zur\u00fcckziehung, Klausur, oder sonstige gemeinschaftliche Aktivit\u00e4ten f\u00fcr Gruppen mit qualifizierter Leitung<\/p>\n\n\n\n<p><a href=\"https:\/\/seminarhaus-remetschwiel.de\" target=\"_blank\" rel=\"noreferrer noopener\">https:\/\/seminarhaus-remetschwiel.de<\/a><\/p>\n\n\n\n<div style=\"height:50px\" aria-hidden=\"true\" class=\"wp-block-spacer\"><\/div>\n\n\n\n<h4 class=\"wp-block-heading\">Buddhistisches Zentrum Wuppertal<\/h4>\n\n\n\n<p>Heinkelstra\u00dfe 27<br>D-42285 Wuppertal<\/p>\n\n\n\n<p><a rel=\"noreferrer noopener\" href=\"https:\/\/www.diamantweg-buddhismus.de\/wuppertal\" target=\"_blank\">https:\/\/www.diamantweg-buddhismus.de\/wuppertal<\/a><\/p>\n","protected":false},"excerpt":{"rendered":"<p>Stipendien Stipendiaten in Le Bost und Laussedat Kloster Kundreul Ling der Congr\u00e9gation Karma Tarchine Lhundrub Stipendiaten in M\u00f6hra, DHAGPO M\u00d6HRA &#8211; Schedrub Tsch\u00f6pel Ling, Karma K\u00fcndr\u00f6l P\u00fcntsok Ling e. V.https:\/\/dhagpo-moehra.org Stipendiaten in Marfond, Congr\u00e9gation Karm\u00e8 Dharma Chakrahttps:\/\/www.dhagpo-dedrol.org\/ weitere Stipendien f\u00fcr Retreat, Klausuren, Lehre, Praxis, \u00dcbersetzung, wissenschaftliche Arbeit, Kursveranstaltungen und Leitung \/ Mitarbeit in Projekten und [&hellip;]<\/p>\n","protected":false},"author":5,"featured_media":0,"parent":0,"menu_order":0,"comment_status":"closed","ping_status":"closed","template":"","meta":{"footnotes":""},"class_list":["post-48","page","type-page","status-publish","hentry"],"_links":{"self":[{"href":"https:\/\/kkstiftung.com\/index.php?rest_route=\/wp\/v2\/pages\/48","targetHints":{"allow":["GET"]}}],"collection":[{"href":"https:\/\/kkstiftung.com\/index.php?rest_route=\/wp\/v2\/pages"}],"about":[{"href":"https:\/\/kkstiftung.com\/index.php?rest_route=\/wp\/v2\/types\/page"}],"author":[{"embeddable":true,"href":"https:\/\/kkstiftung.com\/index.php?rest_route=\/wp\/v2\/users\/5"}],"replies":[{"embeddable":true,"href":"https:\/\/kkstiftung.com\/index.php?rest_route=%2Fwp%2Fv2%2Fcomments&post=48"}],"version-history":[{"count":9,"href":"https:\/\/kkstiftung.com\/index.php?rest_route=\/wp\/v2\/pages\/48\/revisions"}],"predecessor-version":[{"id":338,"href":"https:\/\/kkstiftung.com\/index.php?rest_route=\/wp\/v2\/pages\/48\/revisions\/338"}],"wp:attachment":[{"href":"https:\/\/kkstiftung.com\/index.php?rest_route=%2Fwp%2Fv2%2Fmedia&parent=48"}],"curies":[{"name":"wp","href":"https:\/\/api.w.org\/{rel}","templated":true}]}}