{"id":30,"date":"2023-04-11T12:51:38","date_gmt":"2023-04-11T10:51:38","guid":{"rendered":"https:\/\/docu.kkstiftung.com\/?page_id=30"},"modified":"2023-04-11T12:51:38","modified_gmt":"2023-04-11T10:51:38","slug":"vier-edle-wahrheiten","status":"publish","type":"page","link":"https:\/\/kkstiftung.com\/?page_id=30","title":{"rendered":"Vier Edle Wahrheiten"},"content":{"rendered":"\n<h5 class=\"wp-block-heading\">Buddhistische Grundlagen<\/h5>\n\n\n\n<p>I. Die Wahrheit vom Leiden<\/p>\n\n\n\n<p>II. Die Wahrheit von der Leidensentstehung<\/p>\n\n\n\n<p>III. Die Wahrheit von der Leidenserl\u00f6schung<\/p>\n\n\n\n<p>IV. Die Wahrheit von dem zur Leidenserl\u00f6schung f\u00fchrenden achtfachen Pfade<\/p>\n\n\n\n<p><a href=\"http:\/\/www.palikanon.de\/buddhbib\/08wegerlos\/weg_erlos00.html\" target=\"_blank\" rel=\"noreferrer noopener\">www.palikanon.de\/buddhbib\/08wegerlos\/weg_erlos00.html<\/a><\/p>\n\n\n\n<p>allgemeine Hinweise:<\/p>\n\n\n\n<p><a href=\"http:\/\/de.wikipedia.org\/wiki\/Vier_Edle_Wahrheiten\" target=\"_blank\" rel=\"noreferrer noopener\">de.wikipedia.org\/wiki\/Vier_Edle_Wahrheiten<\/a><\/p>\n\n\n\n<p><a href=\"http:\/\/www.palikanon.de\/samyutta\/sam56.html#s56_11\" target=\"_blank\" rel=\"noreferrer noopener\">www.palikanon.de\/samyutta\/sam56.html<\/a><\/p>\n\n\n\n<p>Ausf\u00fchrliche Erkl\u00e4rungen<\/p>\n\n\n\n<p>Majjhima Nik\u0101ya 141<\/p>\n\n\n\n<p><strong>Die Darlegung der Wahrheiten<\/strong><\/p>\n\n\n\n<p>(Saccavibha\u1e45ga Sutta)<\/p>\n\n\n\n<p><a href=\"http:\/\/palikanon.com\/majjhima\/zumwinkel\/m141z.html\" target=\"_blank\" rel=\"noreferrer noopener\">palikanon.com\/majjhima\/zumwinkel\/m141z.html<\/a><\/p>\n","protected":false},"excerpt":{"rendered":"<p>Buddhistische Grundlagen I. Die Wahrheit vom Leiden II. Die Wahrheit von der Leidensentstehung III. Die Wahrheit von der Leidenserl\u00f6schung IV. Die Wahrheit von dem zur Leidenserl\u00f6schung f\u00fchrenden achtfachen Pfade www.palikanon.de\/buddhbib\/08wegerlos\/weg_erlos00.html allgemeine Hinweise: de.wikipedia.org\/wiki\/Vier_Edle_Wahrheiten www.palikanon.de\/samyutta\/sam56.html Ausf\u00fchrliche Erkl\u00e4rungen Majjhima Nik\u0101ya 141 Die Darlegung der Wahrheiten (Saccavibha\u1e45ga Sutta) palikanon.com\/majjhima\/zumwinkel\/m141z.html<\/p>\n","protected":false},"author":5,"featured_media":0,"parent":0,"menu_order":0,"comment_status":"closed","ping_status":"closed","template":"","meta":{"footnotes":""},"class_list":["post-30","page","type-page","status-publish","hentry"],"_links":{"self":[{"href":"https:\/\/kkstiftung.com\/index.php?rest_route=\/wp\/v2\/pages\/30","targetHints":{"allow":["GET"]}}],"collection":[{"href":"https:\/\/kkstiftung.com\/index.php?rest_route=\/wp\/v2\/pages"}],"about":[{"href":"https:\/\/kkstiftung.com\/index.php?rest_route=\/wp\/v2\/types\/page"}],"author":[{"embeddable":true,"href":"https:\/\/kkstiftung.com\/index.php?rest_route=\/wp\/v2\/users\/5"}],"replies":[{"embeddable":true,"href":"https:\/\/kkstiftung.com\/index.php?rest_route=%2Fwp%2Fv2%2Fcomments&post=30"}],"version-history":[{"count":1,"href":"https:\/\/kkstiftung.com\/index.php?rest_route=\/wp\/v2\/pages\/30\/revisions"}],"predecessor-version":[{"id":32,"href":"https:\/\/kkstiftung.com\/index.php?rest_route=\/wp\/v2\/pages\/30\/revisions\/32"}],"wp:attachment":[{"href":"https:\/\/kkstiftung.com\/index.php?rest_route=%2Fwp%2Fv2%2Fmedia&parent=30"}],"curies":[{"name":"wp","href":"https:\/\/api.w.org\/{rel}","templated":true}]}}