{"id":288,"date":"2023-04-12T16:34:49","date_gmt":"2023-04-12T14:34:49","guid":{"rendered":"https:\/\/kkstiftung.com\/?page_id=288"},"modified":"2023-04-12T16:50:40","modified_gmt":"2023-04-12T14:50:40","slug":"photos","status":"publish","type":"page","link":"https:\/\/kkstiftung.com\/?page_id=288","title":{"rendered":"Photos"},"content":{"rendered":"\n<p>Bilder Photos Zeichnungen sonstige Bilddokumente<\/p>\n\n\n\n<p><a href=\"https:\/\/flic.kr\/s\/aHsjxCWTDp\" target=\"_blank\" rel=\"noreferrer noopener\">Buddha<\/a><\/p>\n\n\n\n<p><a rel=\"noreferrer noopener\" href=\"https:\/\/flic.kr\/s\/aHsjxCWTDp\" target=\"_blank\">https:\/\/flic.kr\/s\/aHsjxCWTDp<\/a><\/p>\n\n\n\n<p>Weiter Photos &#8211; Links<\/p>\n\n\n\n<figure class=\"wp-block-table\"><table><tbody><tr><td>Karmapa Trinlay Thaye Dorje<\/td><td><img loading=\"lazy\" decoding=\"async\" src=\"http:\/\/kkstiftung.free.fr\/DOKS\/Bilder\/Karma_Gyurme_Ling\/graph1.gif\" alt=\"graph\" width=\"48\" height=\"126\"><br><\/td><td colspan=\"2\"><a href=\"http:\/\/kkstiftung.free.fr\/DOKS\/Bilder\/Karma_Gyurme_Ling\/Archivbilder\/Lehrer\/Karmapa\/images.html\" target=\"_blank\" rel=\"noreferrer noopener\">Der Pr\u00e4sident der Karma Kagyu Stiftung w\u00e4hrend des Besuches in Remetschwiel<\/a><\/td><\/tr><tr><td>Trehor Lama Thubten<\/td><td><img loading=\"lazy\" decoding=\"async\" src=\"http:\/\/kkstiftung.free.fr\/DOKS\/Bilder\/Karma_Gyurme_Ling\/graph1.gif\" alt=\"graph\" width=\"48\" height=\"126\"><br><\/td><td colspan=\"2\"><a href=\"http:\/\/kkstiftung.free.fr\/DOKS\/Bilder\/Karma_Gyurme_Ling\/Archivbilder\/Lehrer\/TrehorLamaZuerich\/images.html\" target=\"_blank\" rel=\"noreferrer noopener\">Vortrag in Z\u00fcrich 2012<\/a><\/td><td colspan=\"2\"><a href=\"http:\/\/kkstiftung.free.fr\/DOKS\/Bilder\/Karma_Gyurme_Ling\/Archivbilder\/Lehrer\/TrehorLamaFreiburg\/images.html\" target=\"_blank\" rel=\"noreferrer noopener\">Trehor Lama Vortrag in Freiburg<br><\/a><\/td><\/tr><tr><td>Lama Wangdus<\/td><td><img loading=\"lazy\" decoding=\"async\" src=\"http:\/\/kkstiftung.free.fr\/DOKS\/Bilder\/Karma_Gyurme_Ling\/graph1.gif\" alt=\"graph\" width=\"48\" height=\"126\"><br><\/td><td colspan=\"2\"><a href=\"http:\/\/kkstiftung.free.fr\/DOKS\/Bilder\/Karma_Gyurme_Ling\/Archivbilder\/Lehrer\/LamaWangdus\/images.html\" target=\"_blank\" rel=\"noreferrer noopener\">Portraitphotos<\/a><\/td><\/tr><tr><td>Lhakhang<\/td><td><img loading=\"lazy\" decoding=\"async\" src=\"http:\/\/kkstiftung.free.fr\/DOKS\/Bilder\/Karma_Gyurme_Ling\/graph1.gif\" alt=\"graph\" width=\"48\" height=\"126\"><br><\/td><td colspan=\"2\"><a href=\"http:\/\/kkstiftung.free.fr\/DOKS\/Bilder\/Karma_Gyurme_Ling\/Archivbilder\/Lhakhang\/images.html\" target=\"_blank\" rel=\"noreferrer noopener\">Lhakhang &#8211; Meditations und Praxisraum<\/a><\/td><\/tr><tr><td>Jubil\u00e4um in Mariabronnen<\/td><td><img loading=\"lazy\" decoding=\"async\" src=\"http:\/\/kkstiftung.free.fr\/DOKS\/Bilder\/Karma_Gyurme_Ling\/graph1.gif\" alt=\"graph\" width=\"48\" height=\"126\"><br><\/td><td colspan=\"2\"><a href=\"http:\/\/kkstiftung.free.fr\/DOKS\/Bilder\/Karma_Gyurme_Ling\/Archivbilder\/Mariabronnen\/images.html\" target=\"_blank\" rel=\"noreferrer noopener\">zu Gast bei der christlichen Bruderschaft in Mariabronnen : Jubil\u00e4umsfeier<\/a><\/td><\/tr><tr><td>Haus in Remetschwiel<\/td><td><img loading=\"lazy\" decoding=\"async\" src=\"http:\/\/kkstiftung.free.fr\/DOKS\/Bilder\/Karma_Gyurme_Ling\/graph1.gif\" alt=\"graph\" width=\"48\" height=\"126\"><br><\/td><td colspan=\"2\"><a href=\"http:\/\/kkstiftung.free.fr\/DOKS\/Bilder\/Karma_Gyurme_Ling\/Archivbilder\/Haus\/images.html\" target=\"_blank\" rel=\"noreferrer noopener\">Umgebung und Impressionen<\/a><br><\/td><\/tr><tr><td>Haus: Innenansichten<\/td><td><img loading=\"lazy\" decoding=\"async\" src=\"http:\/\/kkstiftung.free.fr\/DOKS\/Bilder\/Karma_Gyurme_Ling\/graph1.gif\" alt=\"graph\" width=\"48\" height=\"126\"><br><\/td><td colspan=\"2\"><a href=\"http:\/\/kkstiftung.free.fr\/DOKS\/Bilder\/Karma_Gyurme_Ling\/Archivbilder\/Innen\/images.html\" target=\"_blank\" rel=\"noreferrer noopener\">Zimmer und R\u00e4ume<\/a><br><\/td><\/tr><tr><td>Umgebung Remetschwiel<\/td><td><img loading=\"lazy\" decoding=\"async\" src=\"http:\/\/kkstiftung.free.fr\/DOKS\/Bilder\/Karma_Gyurme_Ling\/graph1.gif\" alt=\"graph\" width=\"48\" height=\"126\"><br><\/td><td colspan=\"2\"><a href=\"http:\/\/kkstiftung.free.fr\/DOKS\/Bilder\/Karma_Gyurme_Ling\/Archivbilder\/Umgebung\/images.html\" target=\"_blank\" rel=\"noreferrer noopener\">Alpenblick\/Landschaft\/Sommer\/Winter<\/a><\/td><\/tr><\/tbody><\/table><\/figure>\n","protected":false},"excerpt":{"rendered":"<p>Bilder Photos Zeichnungen sonstige Bilddokumente Buddha https:\/\/flic.kr\/s\/aHsjxCWTDp Weiter Photos &#8211; Links Karmapa Trinlay Thaye Dorje Der Pr\u00e4sident der Karma Kagyu Stiftung w\u00e4hrend des Besuches in Remetschwiel Trehor Lama Thubten Vortrag in Z\u00fcrich 2012 Trehor Lama Vortrag in Freiburg Lama Wangdus Portraitphotos Lhakhang Lhakhang &#8211; Meditations und Praxisraum Jubil\u00e4um in Mariabronnen zu Gast bei der christlichen [&hellip;]<\/p>\n","protected":false},"author":5,"featured_media":0,"parent":0,"menu_order":0,"comment_status":"closed","ping_status":"closed","template":"","meta":{"footnotes":""},"class_list":["post-288","page","type-page","status-publish","hentry"],"_links":{"self":[{"href":"https:\/\/kkstiftung.com\/index.php?rest_route=\/wp\/v2\/pages\/288","targetHints":{"allow":["GET"]}}],"collection":[{"href":"https:\/\/kkstiftung.com\/index.php?rest_route=\/wp\/v2\/pages"}],"about":[{"href":"https:\/\/kkstiftung.com\/index.php?rest_route=\/wp\/v2\/types\/page"}],"author":[{"embeddable":true,"href":"https:\/\/kkstiftung.com\/index.php?rest_route=\/wp\/v2\/users\/5"}],"replies":[{"embeddable":true,"href":"https:\/\/kkstiftung.com\/index.php?rest_route=%2Fwp%2Fv2%2Fcomments&post=288"}],"version-history":[{"count":3,"href":"https:\/\/kkstiftung.com\/index.php?rest_route=\/wp\/v2\/pages\/288\/revisions"}],"predecessor-version":[{"id":300,"href":"https:\/\/kkstiftung.com\/index.php?rest_route=\/wp\/v2\/pages\/288\/revisions\/300"}],"wp:attachment":[{"href":"https:\/\/kkstiftung.com\/index.php?rest_route=%2Fwp%2Fv2%2Fmedia&parent=288"}],"curies":[{"name":"wp","href":"https:\/\/api.w.org\/{rel}","templated":true}]}}