{"id":241,"date":"2023-04-12T11:12:24","date_gmt":"2023-04-12T09:12:24","guid":{"rendered":"https:\/\/kkstiftung.com\/?page_id=241"},"modified":"2023-04-12T16:42:15","modified_gmt":"2023-04-12T14:42:15","slug":"tonaufzeichnungen","status":"publish","type":"page","link":"https:\/\/kkstiftung.com\/?page_id=241","title":{"rendered":"Tonaufzeichnungen"},"content":{"rendered":"\n<h4 class=\"wp-block-heading\">Aufzeichnungen von Vortr\u00e4gen im Seminarhaus Remetschwiel<\/h4>\n\n\n\n<p>Buddhistisches Geistestraining Geistesruhe <\/p>\n\n\n\n<p>Vortr\u00e4ge von Trehor Lama Thubten  &#8211; deutsche \u00dcbersetzung Rolf Scheuermann<\/p>\n\n\n\n<figure class=\"wp-block-audio\"><audio controls src=\"https:\/\/kkstiftung.com\/wp-content\/uploads\/2023\/04\/20120518_10_dt_comp.mp3\"><\/audio><\/figure>\n\n\n\n<figure class=\"wp-block-audio\"><audio controls src=\"https:\/\/kkstiftung.com\/wp-content\/uploads\/2023\/04\/20120518-15_dt_comp.mp3\"><\/audio><\/figure>\n\n\n\n<figure class=\"wp-block-audio\"><audio controls src=\"https:\/\/kkstiftung.com\/wp-content\/uploads\/2023\/04\/20120519_10_dt_comp.mp3\"><\/audio><\/figure>\n\n\n\n<figure class=\"wp-block-audio\"><audio controls src=\"https:\/\/kkstiftung.com\/wp-content\/uploads\/2023\/04\/20120519_15h_dt_comp.mp3\"><\/audio><\/figure>\n\n\n\n<figure class=\"wp-block-audio\"><audio controls src=\"https:\/\/kkstiftung.com\/wp-content\/uploads\/2023\/04\/20120520_10h_dt_comp.mp3\"><\/audio><\/figure>\n\n\n\n<figure class=\"wp-block-audio\"><audio controls src=\"https:\/\/kkstiftung.com\/wp-content\/uploads\/2023\/04\/20120520_15h_dt_comp.mp3\"><\/audio><\/figure>\n\n\n\n<figure class=\"wp-block-audio\"><audio controls src=\"https:\/\/kkstiftung.com\/wp-content\/uploads\/2023\/04\/20110415_10clean.mp3\"><\/audio><\/figure>\n\n\n\n<p>15.- 17.4.2011 Vortr\u00e4ge von Trehor Lama Thubten  &#8211; deutsche \u00dcbersetzung Rolf Scheuermann<\/p>\n\n\n\n<figure class=\"wp-block-audio\"><audio controls src=\"https:\/\/kkstiftung.com\/wp-content\/uploads\/2023\/04\/20110415_15hclean.mp3\"><\/audio><\/figure>\n\n\n\n<figure class=\"wp-block-audio\"><audio controls src=\"https:\/\/kkstiftung.com\/wp-content\/uploads\/2023\/04\/20110416_10hclean.mp3\"><\/audio><\/figure>\n\n\n\n<figure class=\"wp-block-audio\"><audio controls src=\"https:\/\/kkstiftung.com\/wp-content\/uploads\/2023\/04\/20110416_15hclean.mp3\"><\/audio><\/figure>\n\n\n\n<figure class=\"wp-block-audio\"><audio controls src=\"https:\/\/kkstiftung.com\/wp-content\/uploads\/2023\/04\/20110417_10hclean.mp3\"><\/audio><\/figure>\n\n\n\n<figure class=\"wp-block-audio\"><audio controls src=\"https:\/\/kkstiftung.com\/wp-content\/uploads\/2023\/04\/20110417_15hclean.mp3\"><\/audio><\/figure>\n\n\n\n<figure class=\"wp-block-audio\"><audio controls src=\"https:\/\/kkstiftung.com\/wp-content\/uploads\/2023\/04\/20120518_10_dt_comp-1.mp3\"><\/audio><\/figure>\n\n\n\n<figure class=\"wp-block-audio\"><audio controls src=\"https:\/\/kkstiftung.com\/wp-content\/uploads\/2023\/04\/20120518-15_dt_comp-1.mp3\"><\/audio><\/figure>\n\n\n\n<figure class=\"wp-block-audio\"><audio controls src=\"https:\/\/kkstiftung.com\/wp-content\/uploads\/2023\/04\/20120519_10_dt_comp-1.mp3\"><\/audio><\/figure>\n\n\n\n<figure class=\"wp-block-audio\"><audio controls src=\"https:\/\/kkstiftung.com\/wp-content\/uploads\/2023\/04\/20120519_15h_dt_comp-1.mp3\"><\/audio><\/figure>\n\n\n\n<figure class=\"wp-block-audio\"><audio controls src=\"https:\/\/kkstiftung.com\/wp-content\/uploads\/2023\/04\/20120520_10h_dt_comp-1.mp3\"><\/audio><\/figure>\n\n\n\n<p>Sadhana des Chenrezig &#8211; Avalokiteshvara<\/p>\n\n\n\n<figure class=\"wp-block-audio\"><audio controls src=\"https:\/\/kkstiftung.com\/wp-content\/uploads\/2023\/04\/20120520_15h_dt_comp-1.mp3\"><\/audio><\/figure>\n\n\n\n<p>Vortr\u00e4ge 27.- 28.6.2015  von Trehor Lama Thubten \u2013 deutsche \u00dcbersetzung Julika Weber<\/p>\n\n\n\n<p><\/p>\n\n\n\n<figure class=\"wp-block-audio\"><audio controls src=\"https:\/\/kkstiftung.com\/wp-content\/uploads\/2023\/04\/20150627_10-12h.1.Teil_.mp3\"><\/audio><\/figure>\n\n\n\n<figure class=\"wp-block-audio\"><audio controls src=\"https:\/\/kkstiftung.com\/wp-content\/uploads\/2023\/04\/20150627_10-12h.2.Teil_.mp3\"><\/audio><\/figure>\n\n\n\n<figure class=\"wp-block-audio\"><audio controls src=\"https:\/\/kkstiftung.com\/wp-content\/uploads\/2023\/04\/20150627_15-17h.1.Teil_.mp3\"><\/audio><\/figure>\n\n\n\n<figure class=\"wp-block-audio\"><audio controls src=\"https:\/\/kkstiftung.com\/wp-content\/uploads\/2023\/04\/20150627_15-17h.2.Teil_.mp3\"><\/audio><\/figure>\n\n\n\n<figure class=\"wp-block-audio\"><audio controls src=\"https:\/\/kkstiftung.com\/wp-content\/uploads\/2023\/04\/20150628_10-12h.1.Teil_.mp3\"><\/audio><\/figure>\n\n\n\n<figure class=\"wp-block-audio\"><audio controls src=\"https:\/\/kkstiftung.com\/wp-content\/uploads\/2023\/04\/20150628_10-12h.2.Teil_.mp3\"><\/audio><\/figure>\n\n\n\n<p>Sadhana der 21 Taras<\/p>\n\n\n\n<p><\/p>\n\n\n\n<p>weiter Aufnahmen demn\u00e4chst hier<\/p>\n","protected":false},"excerpt":{"rendered":"<p>Aufzeichnungen von Vortr\u00e4gen im Seminarhaus Remetschwiel Buddhistisches Geistestraining Geistesruhe Vortr\u00e4ge von Trehor Lama Thubten &#8211; deutsche \u00dcbersetzung Rolf Scheuermann 15.- 17.4.2011 Vortr\u00e4ge von Trehor Lama Thubten &#8211; deutsche \u00dcbersetzung Rolf Scheuermann Sadhana des Chenrezig &#8211; Avalokiteshvara Vortr\u00e4ge 27.- 28.6.2015 von Trehor Lama Thubten \u2013 deutsche \u00dcbersetzung Julika Weber Sadhana der 21 Taras weiter Aufnahmen demn\u00e4chst [&hellip;]<\/p>\n","protected":false},"author":5,"featured_media":0,"parent":0,"menu_order":0,"comment_status":"closed","ping_status":"closed","template":"","meta":{"footnotes":""},"class_list":["post-241","page","type-page","status-publish","hentry"],"_links":{"self":[{"href":"https:\/\/kkstiftung.com\/index.php?rest_route=\/wp\/v2\/pages\/241","targetHints":{"allow":["GET"]}}],"collection":[{"href":"https:\/\/kkstiftung.com\/index.php?rest_route=\/wp\/v2\/pages"}],"about":[{"href":"https:\/\/kkstiftung.com\/index.php?rest_route=\/wp\/v2\/types\/page"}],"author":[{"embeddable":true,"href":"https:\/\/kkstiftung.com\/index.php?rest_route=\/wp\/v2\/users\/5"}],"replies":[{"embeddable":true,"href":"https:\/\/kkstiftung.com\/index.php?rest_route=%2Fwp%2Fv2%2Fcomments&post=241"}],"version-history":[{"count":15,"href":"https:\/\/kkstiftung.com\/index.php?rest_route=\/wp\/v2\/pages\/241\/revisions"}],"predecessor-version":[{"id":296,"href":"https:\/\/kkstiftung.com\/index.php?rest_route=\/wp\/v2\/pages\/241\/revisions\/296"}],"wp:attachment":[{"href":"https:\/\/kkstiftung.com\/index.php?rest_route=%2Fwp%2Fv2%2Fmedia&parent=241"}],"curies":[{"name":"wp","href":"https:\/\/api.w.org\/{rel}","templated":true}]}}