{"id":189,"date":"2023-04-11T19:50:04","date_gmt":"2023-04-11T17:50:04","guid":{"rendered":"https:\/\/docu.kkstiftung.com\/?page_id=189"},"modified":"2023-04-11T19:53:47","modified_gmt":"2023-04-11T17:53:47","slug":"infos-fuer-projekte","status":"publish","type":"page","link":"https:\/\/kkstiftung.com\/?page_id=189","title":{"rendered":"Infos f\u00fcr Projekte"},"content":{"rendered":"\n<h4 class=\"wp-block-heading\">aktuelle und geplante Vorhaben<\/h4>\n\n\n\n<p>Informationen \u00fcber grundlegende Bedingungen f\u00fcr die Zusammenarbeit mit Projekten, Vorhaben und Planungen.<\/p>\n\n\n\n<p>1.<\/p>\n\n\n\n<p>Die KKS betreibt zu Gunsten einzelner Vorhaben keine eigene \u00d6ffentlichkeitsarbeit.<\/p>\n\n\n\n<p>Alle Bekanntmachungen \u00fcber Inhalt, Wesen und Ziel der Vorhaben m\u00fcssen durch die Projekte selbst bekannt gemacht werden und sollten in diesem Zusammenhang auch die Zusammenarbeit mit KKS darstellen.<\/p>\n\n\n\n<p>D.h. die Projekte sind f\u00fcr alle Werbema\u00dfnahmen selbst zust\u00e4ndig, auch f\u00fcr diejenigen welche darauf ausgerichtet sind, dass Spenden und sonstige Zuwendungen \u00fcber KKS zur Weiterleitung, Verwaltung oder Bewirtschaftung angenommen werden sollen.<\/p>\n\n\n\n<p>Zweckbindung und Verwendung der Mittel m\u00fcssen vertraglich vereinbart werden, siehe unten.<\/p>\n\n\n\n<p>2.<\/p>\n\n\n\n<p>Vorhaben bitte der KKS rechtzeitig bekannt geben, wenn steuerbeg\u00fcnstigte F\u00f6rderma\u00dfnahmen \u00fcber KKS durchgef\u00fchrt werden sollen. Ggf. ist dazu ein Vorstandsbeschuss erforderlich.<\/p>\n\n\n\n<p>Die Informationen zum Projekt sollten m\u00f6glichst umfassend ideelle und inhaltliche Aspekte wie auch wirtschaftliche Aspekte ber\u00fccksichtigen.<\/p>\n\n\n\n<p>Beispiel:<\/p>\n\n\n\n<p>*<\/p>\n\n\n\n<p>eine ideelle Projektbeschreibung: welche Gruppe, welche Lehrer, geplantes Programm, wer ist beteiligt<\/p>\n\n\n\n<p>*<\/p>\n\n\n\n<p>Sachbeschreibung: Katasternummern, Lageplan, Wertgutachten, Budget-Planung<\/p>\n\n\n\n<p>*<\/p>\n\n\n\n<p>wie wann und mit welchen Mitteln soll die Planung durchgef\u00fchrt werden in welchem Zeitraum etc.<\/p>\n\n\n\n<p>3.<\/p>\n\n\n\n<p>Zu jeder Zuwendung wird immer auch ein Nachweis der zweckbestimmten Mittelverwendung erforderlich sein. Es ist ratsam diese Nachweise bereits bei Einnahme und Verwendung der Mittel vorzusehen, geeignete buchhalterische Ma\u00dfnahmen zu treffen und geeignete Konten getrennt von irgendwelchen anderen Ma\u00dfnahmen zu f\u00fchren. Unklare Zuordnungen und Vermischung mit anderen Zwecken muss grunds\u00e4tzlich und sicher ausgeschlossen bleiben.<\/p>\n\n\n\n<p>4.<\/p>\n\n\n\n<p>Die KKS wird mit Sachprojekten, Zentren oder Organisationen im Ausland grunds\u00e4tzlich nur nach schriftlicher Vereinbarung eines durch die Stiftungsverfassung getragenen Zwecks in eine F\u00f6rdert\u00e4tigkeit eintreten, der gegenseitig verbindlich und haftend zu vereinbaren ist.<br>Projekte im Inland k\u00f6nnen gem\u00e4\u00df einer steuerlichen Anerkennung gef\u00f6rdert werden insofern sie die Bedingungen der Stiftungsverfassung dieser Stiftung erf\u00fcllen und als gemeinn\u00fctzig in Deutschland anerkannt sind.<\/p>\n\n\n\n<p>5.<\/p>\n\n\n\n<p>Stipendien sind ebenfalls nur f\u00fcr den jeweils beantragten und genehmigten Zweck zu verwenden. Der Stipendiat muss sich zur Einhaltung des Zwecks verpflichten.<\/p>\n\n\n\n<p>6.<\/p>\n\n\n\n<p>F\u00fcr alle Spendeneinnhamen wird eine pauschale Kostenverg\u00fctung von 5% der Spendensumme von KKS pauschal angesetzt, soweit keine anderen Vereinbarungen getroffen wurden.<br>Die Kostenpauschale beinhaltet: Buchhaltung, Kontoausz\u00fcge und Weiterleitung der Mittel, Abkl\u00e4rungen und Vertragsgestaltung, Inanspruchnahme ggf. notwendiger steuerlicher Beratung, Nachweise, Bilanzierung und Jahresbericht, Testate und j\u00e4hrliche Buchpr\u00fcfung durch vereidigte Buchpr\u00fcfer\u00a0 \/ Wirtschaftspr\u00fcfer, steuerliche Spendenbescheinigungen, allgemeine Stiftungsverwaltung, B\u00fcro, Telefon, etc.<\/p>\n\n\n\n<p>Weitere Bedingungen ergeben sich aus der Verfassung und allgemeinen gesetzlichen Regelungen.<\/p>\n","protected":false},"excerpt":{"rendered":"<p>aktuelle und geplante Vorhaben Informationen \u00fcber grundlegende Bedingungen f\u00fcr die Zusammenarbeit mit Projekten, Vorhaben und Planungen. 1. Die KKS betreibt zu Gunsten einzelner Vorhaben keine eigene \u00d6ffentlichkeitsarbeit. Alle Bekanntmachungen \u00fcber Inhalt, Wesen und Ziel der Vorhaben m\u00fcssen durch die Projekte selbst bekannt gemacht werden und sollten in diesem Zusammenhang auch die Zusammenarbeit mit KKS darstellen. [&hellip;]<\/p>\n","protected":false},"author":5,"featured_media":0,"parent":0,"menu_order":0,"comment_status":"closed","ping_status":"closed","template":"","meta":{"footnotes":""},"class_list":["post-189","page","type-page","status-publish","hentry"],"_links":{"self":[{"href":"https:\/\/kkstiftung.com\/index.php?rest_route=\/wp\/v2\/pages\/189","targetHints":{"allow":["GET"]}}],"collection":[{"href":"https:\/\/kkstiftung.com\/index.php?rest_route=\/wp\/v2\/pages"}],"about":[{"href":"https:\/\/kkstiftung.com\/index.php?rest_route=\/wp\/v2\/types\/page"}],"author":[{"embeddable":true,"href":"https:\/\/kkstiftung.com\/index.php?rest_route=\/wp\/v2\/users\/5"}],"replies":[{"embeddable":true,"href":"https:\/\/kkstiftung.com\/index.php?rest_route=%2Fwp%2Fv2%2Fcomments&post=189"}],"version-history":[{"count":3,"href":"https:\/\/kkstiftung.com\/index.php?rest_route=\/wp\/v2\/pages\/189\/revisions"}],"predecessor-version":[{"id":193,"href":"https:\/\/kkstiftung.com\/index.php?rest_route=\/wp\/v2\/pages\/189\/revisions\/193"}],"wp:attachment":[{"href":"https:\/\/kkstiftung.com\/index.php?rest_route=%2Fwp%2Fv2%2Fmedia&parent=189"}],"curies":[{"name":"wp","href":"https:\/\/api.w.org\/{rel}","templated":true}]}}